{"id":8,"date":"2016-11-02T14:13:51","date_gmt":"2016-11-02T14:13:51","guid":{"rendered":"http:\/\/kvinnojouren-stenungsund.se\/?page_id=8"},"modified":"2024-12-17T06:24:25","modified_gmt":"2024-12-17T06:24:25","slug":"start","status":"publish","type":"page","link":"https:\/\/kvinnojouren-stenungsund.se\/","title":{"rendered":"Trygghet och st\u00f6d"},"content":{"rendered":"<h5>Vi vill ge dig trygghet och st\u00f6d n\u00e4r livet \u00e4r tufft<\/h5>\n<p>\u00c4r du utsatt f\u00f6r v\u00e5ld eller hot om v\u00e5ld av din partner? Beh\u00f6ver du n\u00e5gon att tala med? Hos Kvinnojouren m\u00f6ter du enbart kvinnlig personal som kan ge dig r\u00e5d och st\u00f6d. Du f\u00e5r vara anonym och blir inte registrerad hos n\u00e5gon myndighet.<\/p>\n<h6>Det kostar inget att prata med oss.<\/h6>\n<p>Vi \u00e4r ingen myndighet och vi f\u00f6r inga journaler. Du beh\u00f6ver inte ha synliga skador f\u00f6r att kontakta oss.<\/p>\n<h5>Vi erbjuder dig:<\/h5>\n<p>&#8211; St\u00f6dsamtal<br \/>\n&#8211; R\u00e5dgivning<br \/>\n&#8211; Kontaktperson<br \/>\n&#8211; Hj\u00e4lp till kontakt med myndigheter<\/p>\n<p><strong>F\u00f6reningen Kvinnojouren i Stenungsund<\/strong><br \/>\nKvinnojouren i Stenungsund \u00e4r en ideell, partipolitiskt och religi\u00f6st obunden f\u00f6rening som arbetar under sekretess och tystnadsplikt.<\/p>\n","protected":false},"excerpt":{"rendered":"<p>Vi vill ge dig trygghet och st\u00f6d n\u00e4r livet \u00e4r tufft \u00c4r du utsatt f\u00f6r v\u00e5ld eller hot om v\u00e5ld av din partner? Beh\u00f6ver du n\u00e5gon att tala med? Hos Kvinnojouren m\u00f6ter du enbart kvinnlig personal som kan ge dig r\u00e5d och st\u00f6d. Du f\u00e5r vara anonym och blir inte registrerad hos n\u00e5gon myndighet. Det &hellip; <a href=\"https:\/\/kvinnojouren-stenungsund.se\/\" class=\"more-link\">Forts\u00e4tt l\u00e4sa<span class=\"screen-reader-text\"> \u201dTrygghet och st\u00f6d\u201d<\/span><\/a><\/p>\n","protected":false},"author":1,"featured_media":0,"parent":0,"menu_order":1,"comment_status":"closed","ping_status":"closed","template":"","meta":{"footnotes":""},"class_list":["post-8","page","type-page","status-publish","hentry"],"_links":{"self":[{"href":"https:\/\/kvinnojouren-stenungsund.se\/index.php?rest_route=\/wp\/v2\/pages\/8","targetHints":{"allow":["GET"]}}],"collection":[{"href":"https:\/\/kvinnojouren-stenungsund.se\/index.php?rest_route=\/wp\/v2\/pages"}],"about":[{"href":"https:\/\/kvinnojouren-stenungsund.se\/index.php?rest_route=\/wp\/v2\/types\/page"}],"author":[{"embeddable":true,"href":"https:\/\/kvinnojouren-stenungsund.se\/index.php?rest_route=\/wp\/v2\/users\/1"}],"replies":[{"embeddable":true,"href":"https:\/\/kvinnojouren-stenungsund.se\/index.php?rest_route=%2Fwp%2Fv2%2Fcomments&post=8"}],"version-history":[{"count":19,"href":"https:\/\/kvinnojouren-stenungsund.se\/index.php?rest_route=\/wp\/v2\/pages\/8\/revisions"}],"predecessor-version":[{"id":129,"href":"https:\/\/kvinnojouren-stenungsund.se\/index.php?rest_route=\/wp\/v2\/pages\/8\/revisions\/129"}],"wp:attachment":[{"href":"https:\/\/kvinnojouren-stenungsund.se\/index.php?rest_route=%2Fwp%2Fv2%2Fmedia&parent=8"}],"curies":[{"name":"wp","href":"https:\/\/api.w.org\/{rel}","templated":true}]}}