{"id":16,"date":"2016-11-02T14:15:46","date_gmt":"2016-11-02T14:15:46","guid":{"rendered":"http:\/\/kvinnojouren-stenungsund.se\/?page_id=16"},"modified":"2024-12-17T06:27:51","modified_gmt":"2024-12-17T06:27:51","slug":"kontakta-oss","status":"publish","type":"page","link":"https:\/\/kvinnojouren-stenungsund.se\/?page_id=16","title":{"rendered":"Kontakta oss"},"content":{"rendered":"<h5>Tveka inte att kontakta oss n\u00e4r du vill!<\/h5>\n<h3>Tfn 0723-74 80 00 eller 0723-74 80 60<\/h3>\n<p>e-post: <a href=\"mailto:kvinnojouren.stenungsund@telia.com\">kvinnojouren.stenungsund@telia.com<\/a><\/p>\n<p><strong>Du kan n\u00e5 oss p\u00e5 telefon<\/strong><br \/>\nm\u00e5ndag-fredag 09.00-16.00<\/p>\n","protected":false},"excerpt":{"rendered":"<p>Tveka inte att kontakta oss n\u00e4r du vill! Tfn 0723-74 80 00 eller 0723-74 80 60 e-post: kvinnojouren.stenungsund@telia.com Du kan n\u00e5 oss p\u00e5 telefon m\u00e5ndag-fredag 09.00-16.00<\/p>\n","protected":false},"author":1,"featured_media":0,"parent":0,"menu_order":40,"comment_status":"closed","ping_status":"closed","template":"","meta":{"footnotes":""},"class_list":["post-16","page","type-page","status-publish","hentry"],"_links":{"self":[{"href":"https:\/\/kvinnojouren-stenungsund.se\/index.php?rest_route=\/wp\/v2\/pages\/16","targetHints":{"allow":["GET"]}}],"collection":[{"href":"https:\/\/kvinnojouren-stenungsund.se\/index.php?rest_route=\/wp\/v2\/pages"}],"about":[{"href":"https:\/\/kvinnojouren-stenungsund.se\/index.php?rest_route=\/wp\/v2\/types\/page"}],"author":[{"embeddable":true,"href":"https:\/\/kvinnojouren-stenungsund.se\/index.php?rest_route=\/wp\/v2\/users\/1"}],"replies":[{"embeddable":true,"href":"https:\/\/kvinnojouren-stenungsund.se\/index.php?rest_route=%2Fwp%2Fv2%2Fcomments&post=16"}],"version-history":[{"count":23,"href":"https:\/\/kvinnojouren-stenungsund.se\/index.php?rest_route=\/wp\/v2\/pages\/16\/revisions"}],"predecessor-version":[{"id":131,"href":"https:\/\/kvinnojouren-stenungsund.se\/index.php?rest_route=\/wp\/v2\/pages\/16\/revisions\/131"}],"wp:attachment":[{"href":"https:\/\/kvinnojouren-stenungsund.se\/index.php?rest_route=%2Fwp%2Fv2%2Fmedia&parent=16"}],"curies":[{"name":"wp","href":"https:\/\/api.w.org\/{rel}","templated":true}]}}