{"id":14,"date":"2016-11-02T14:15:06","date_gmt":"2016-11-02T14:15:06","guid":{"rendered":"http:\/\/kvinnojouren-stenungsund.se\/?page_id=14"},"modified":"2016-12-09T07:25:32","modified_gmt":"2016-12-09T07:25:32","slug":"om-oss","status":"publish","type":"page","link":"https:\/\/kvinnojouren-stenungsund.se\/?page_id=14","title":{"rendered":"Om oss"},"content":{"rendered":"<h5>Om Kvinnojouren i Stenungsund<\/h5>\n<p>Vi \u00e4r en ideell, partipolitiskt och religi\u00f6st obunden f\u00f6rening som arbetar under sekretess och tystnadsplikt.<\/p>\n<p>Vi arbetar f\u00f6r ett j\u00e4mst\u00e4llt samh\u00e4lle fritt fr\u00e5n v\u00e5ld. V\u00e5r uppgift \u00e4r att arbeta f\u00f6r att kvinnor och barn som blivit utsatta f\u00f6r hot och v\u00e5ld, ska f\u00e5 ett tryggt och bra omh\u00e4ndertagande, f\u00e5 b\u00e4sta m\u00f6jliga st\u00f6d av kvinnojouren och av samh\u00e4llets \u00f6vriga akt\u00f6rer.<\/p>\n<p>Jourkvinnorna st\u00e4ller upp som medm\u00e4nniskor\u00a0och st\u00f6ttar kvinnan i sina egna beslut.<\/p>\n<p>Vi m\u00f6ter alla barn som f\u00f6ljer med sin mamma till kvinnojouren som egna individer med egna behov, \u00f6nskem\u00e5l och upplevelser av v\u00e5ldet.<\/p>\n<p>Kvinnojouren i Stenungsund grundades 1986.\u00a0Vi \u00e4r anslutna till Sveriges kvinnojour- och tjejjourers riksf\u00f6rbund <a href=\"http:\/\/www.unizon.se\">www.unizon.se<\/a><\/p>\n","protected":false},"excerpt":{"rendered":"<p>Om Kvinnojouren i Stenungsund Vi \u00e4r en ideell, partipolitiskt och religi\u00f6st obunden f\u00f6rening som arbetar under sekretess och tystnadsplikt. Vi arbetar f\u00f6r ett j\u00e4mst\u00e4llt samh\u00e4lle fritt fr\u00e5n v\u00e5ld. V\u00e5r uppgift \u00e4r att arbeta f\u00f6r att kvinnor och barn som blivit utsatta f\u00f6r hot och v\u00e5ld, ska f\u00e5 ett tryggt och bra omh\u00e4ndertagande, f\u00e5 b\u00e4sta m\u00f6jliga &hellip; <a href=\"https:\/\/kvinnojouren-stenungsund.se\/?page_id=14\" class=\"more-link\">Forts\u00e4tt l\u00e4sa<span class=\"screen-reader-text\"> \u201dOm oss\u201d<\/span><\/a><\/p>\n","protected":false},"author":1,"featured_media":0,"parent":0,"menu_order":30,"comment_status":"closed","ping_status":"closed","template":"","meta":{"footnotes":""},"class_list":["post-14","page","type-page","status-publish","hentry"],"_links":{"self":[{"href":"https:\/\/kvinnojouren-stenungsund.se\/index.php?rest_route=\/wp\/v2\/pages\/14","targetHints":{"allow":["GET"]}}],"collection":[{"href":"https:\/\/kvinnojouren-stenungsund.se\/index.php?rest_route=\/wp\/v2\/pages"}],"about":[{"href":"https:\/\/kvinnojouren-stenungsund.se\/index.php?rest_route=\/wp\/v2\/types\/page"}],"author":[{"embeddable":true,"href":"https:\/\/kvinnojouren-stenungsund.se\/index.php?rest_route=\/wp\/v2\/users\/1"}],"replies":[{"embeddable":true,"href":"https:\/\/kvinnojouren-stenungsund.se\/index.php?rest_route=%2Fwp%2Fv2%2Fcomments&post=14"}],"version-history":[{"count":5,"href":"https:\/\/kvinnojouren-stenungsund.se\/index.php?rest_route=\/wp\/v2\/pages\/14\/revisions"}],"predecessor-version":[{"id":84,"href":"https:\/\/kvinnojouren-stenungsund.se\/index.php?rest_route=\/wp\/v2\/pages\/14\/revisions\/84"}],"wp:attachment":[{"href":"https:\/\/kvinnojouren-stenungsund.se\/index.php?rest_route=%2Fwp%2Fv2%2Fmedia&parent=14"}],"curies":[{"name":"wp","href":"https:\/\/api.w.org\/{rel}","templated":true}]}}