{"id":12,"date":"2016-11-02T14:14:44","date_gmt":"2016-11-02T14:14:44","guid":{"rendered":"http:\/\/kvinnojouren-stenungsund.se\/?page_id=12"},"modified":"2016-12-09T07:22:39","modified_gmt":"2016-12-09T07:22:39","slug":"viktiga-lankar","status":"publish","type":"page","link":"https:\/\/kvinnojouren-stenungsund.se\/?page_id=12","title":{"rendered":"Viktiga l\u00e4nkar"},"content":{"rendered":"<p>Vill du ha st\u00f6d? \u00c4r du utsatt f\u00f6r v\u00e5ld eller hot om v\u00e5ld av din partner? Beh\u00f6ver du n\u00e5gon att tala med? Ring Kvinnofridslinjen 020-50 50 50 eller g\u00e5 in p\u00e5 <a href=\"http:\/\/www.kvinnofridslinjen.se\">www.kvinnofridslinjen.se<\/a>. Du kan vara anonym och numret syns inte p\u00e5 din telefonr\u00e4kning.<\/p>\n<p><strong>Kommuner<\/strong><br \/>\nStenungsunds kommun, <a href=\"http:\/\/www.stenungsund.se\/\">l\u00e4nk till hemsida<\/a><br \/>\nTj\u00f6rns kommun, <a href=\"http:\/\/www.tjorn.se\/\">l\u00e4nk till hemsida<\/a><br \/>\nOrust kommun, <a href=\"http:\/\/www.orust.se\">l\u00e4nk till hemsida<\/a><\/p>\n<p><strong>Organisationer<\/strong><br \/>\nUnizon\u00a0<a href=\"http:\/\/www.unizon.se\" target=\"_blank\" rel=\"noreferrer\">www.unizon.se<\/a><br \/>\nKvinnojourer i v\u00e4st <a href=\"http:\/\/www.kvinnojourerivast.se\">www.kvinnojourerivast.se<\/a><br \/>\nBOJ, Brottsofferjourernas riksf\u00f6rbund <a href=\"http:\/\/www.boj.se\">www.boj.se<\/a><br \/>\nBRIS, Barnens r\u00e4tt i samh\u00e4llet <a href=\"http:\/\/www.bris.se\">www.bris.se<\/a><br \/>\nElektra, projekt mot hedersrelaterat f\u00f6rtryck <a href=\"http:\/\/www.elektra.nu\">www.elektra.nu<\/a><br \/>\nROKS, Riksorg. f\u00f6r kvinnojourer och tjejjourer i Sverige <a href=\"http:\/\/www.roks.se\">www.roks.se<\/a><br \/>\nRSCI, Riksorganisationen st\u00f6dcentrum mot incest <a href=\"http:\/\/www.rsci.nu\">www.rsci.nu<\/a><br \/>\nR\u00e4dda barnen <a href=\"http:\/\/www.rb.se\">www.rb.se<\/a><br \/>\nR\u00e4dda barnens webbplats f\u00f6r tjejer som lever i tv\u00e5 kulturer <a href=\"http:\/\/www.flicka.nu\">www.flicka.nu<\/a><br \/>\nTerrafem, n\u00e4tverk f\u00f6r kvinnors r\u00e4tt mot m\u00e4ns v\u00e5ld <a href=\"http:\/\/www.terrafem.org\">www.terrafem.org<\/a><\/p>\n<p><strong>Myndigheter<\/strong><br \/>\nBrottsf\u00f6rebyggande r\u00e5det <a href=\"http:\/\/www.bra.se\">www.bra.se<\/a><br \/>\nBrottsoffermyndigheten <a href=\"http:\/\/www.brottsoffermyndigheten.se\">www.brottsoffermyndigheten.se<\/a><br \/>\nJustitiedepartementet <a href=\"http:\/\/www.regeringen.se\/sb\/d\/1476\">www.regeringen.se\/sb\/d\/1476<\/a><br \/>\nKvinnofridsportalen <a href=\"http:\/\/www.kvinnofrid.se\">www.kvinnofrid.se<\/a><br \/>\nPolisen <a href=\"http:\/\/www.polisen.se\">www.polisen.se<\/a><br \/>\nRiksdagen <a href=\"http:\/\/www.riksdagen.se\">www.riksdagen.se<\/a><\/p>\n","protected":false},"excerpt":{"rendered":"<p>Vill du ha st\u00f6d? \u00c4r du utsatt f\u00f6r v\u00e5ld eller hot om v\u00e5ld av din partner? Beh\u00f6ver du n\u00e5gon att tala med? Ring Kvinnofridslinjen 020-50 50 50 eller g\u00e5 in p\u00e5 www.kvinnofridslinjen.se. Du kan vara anonym och numret syns inte p\u00e5 din telefonr\u00e4kning. Kommuner Stenungsunds kommun, l\u00e4nk till hemsida Tj\u00f6rns kommun, l\u00e4nk till hemsida Orust &hellip; <a href=\"https:\/\/kvinnojouren-stenungsund.se\/?page_id=12\" class=\"more-link\">Forts\u00e4tt l\u00e4sa<span class=\"screen-reader-text\"> \u201dViktiga l\u00e4nkar\u201d<\/span><\/a><\/p>\n","protected":false},"author":1,"featured_media":0,"parent":0,"menu_order":20,"comment_status":"closed","ping_status":"closed","template":"","meta":{"footnotes":""},"class_list":["post-12","page","type-page","status-publish","hentry"],"_links":{"self":[{"href":"https:\/\/kvinnojouren-stenungsund.se\/index.php?rest_route=\/wp\/v2\/pages\/12","targetHints":{"allow":["GET"]}}],"collection":[{"href":"https:\/\/kvinnojouren-stenungsund.se\/index.php?rest_route=\/wp\/v2\/pages"}],"about":[{"href":"https:\/\/kvinnojouren-stenungsund.se\/index.php?rest_route=\/wp\/v2\/types\/page"}],"author":[{"embeddable":true,"href":"https:\/\/kvinnojouren-stenungsund.se\/index.php?rest_route=\/wp\/v2\/users\/1"}],"replies":[{"embeddable":true,"href":"https:\/\/kvinnojouren-stenungsund.se\/index.php?rest_route=%2Fwp%2Fv2%2Fcomments&post=12"}],"version-history":[{"count":6,"href":"https:\/\/kvinnojouren-stenungsund.se\/index.php?rest_route=\/wp\/v2\/pages\/12\/revisions"}],"predecessor-version":[{"id":82,"href":"https:\/\/kvinnojouren-stenungsund.se\/index.php?rest_route=\/wp\/v2\/pages\/12\/revisions\/82"}],"wp:attachment":[{"href":"https:\/\/kvinnojouren-stenungsund.se\/index.php?rest_route=%2Fwp%2Fv2%2Fmedia&parent=12"}],"curies":[{"name":"wp","href":"https:\/\/api.w.org\/{rel}","templated":true}]}}