{"id":10,"date":"2016-11-02T14:14:20","date_gmt":"2016-11-02T14:14:20","guid":{"rendered":"http:\/\/kvinnojouren-stenungsund.se\/?page_id=10"},"modified":"2024-12-17T06:26:00","modified_gmt":"2024-12-17T06:26:00","slug":"rad-hjalp","status":"publish","type":"page","link":"https:\/\/kvinnojouren-stenungsund.se\/?page_id=10","title":{"rendered":"R\u00e5d &#038; Hj\u00e4lp"},"content":{"rendered":"<h5>R\u00e5d till dig som blir illa behandlad fysiskt eller psykiskt<\/h5>\n<p><strong>Att fundera \u00f6ver:<\/strong><\/p>\n<p style=\"padding-left: 30px;\">&#8211; Vill han ha dig helt f\u00f6r sig sj\u00e4lv<br \/>\n&#8211; \u00c4r han svartsjuk<br \/>\n&#8211; Talar han illa om dina v\u00e4nner<br \/>\n&#8211; Kr\u00e4ver han att f\u00e5 veta vart du ska och n\u00e4r du kommer hem<br \/>\n&#8211; F\u00e5r han dig att v\u00e4lja dina ord n\u00e4r du ska ber\u00e4tta n\u00e5got<br \/>\n&#8211; \u00c4r han omotiverat uppr\u00f6rd mot andra<br \/>\n&#8211; Sl\u00e5r han s\u00f6nder saker i ilska<br \/>\n&#8211; Anm\u00e4rker han p\u00e5 ditt s\u00e4tt att kl\u00e4 dig eller ditt s\u00e4tt att prata<br \/>\n&#8211; Driver han med dig offentligt<br \/>\n&#8211; Vad har han f\u00f6r \u00e5sikter om andra kvinnor<br \/>\n&#8211; Vilken \u00e4r hans kvinnosyn<\/p>\n<h6>Detta \u00e4r inte k\u00e4rlek!<\/h6>\n<p><strong>Ber\u00e4tta vad som h\u00e4nt<\/strong><br \/>\nPrata med n\u00e5gon som du litar p\u00e5, en kompis, anh\u00f6rig eller kanske en arbetskamrat.<\/p>\n<p><strong>F\u00f6r dagbok<\/strong><br \/>\nAnteckna varje g\u00e5ng du blir misshandlad fysiskt eller psykiskt. Det blir d\u00e5 l\u00e4ttare att komma ih\u00e5g vad som har h\u00e4nt om du best\u00e4mmer dig f\u00f6r att g\u00f6ra en polisanm\u00e4lan.<\/p>\n<p><strong>Dokumentera skadorna<\/strong><br \/>\nSkriv och fotografera synliga skador. Kontakta sjukv\u00e5rden. Be l\u00e4karen att fotografera dina skador s\u00e5 att bilderna kan anv\u00e4ndas som bevis vid en eventuell polisanm\u00e4lan.<\/p>\n<p><strong>Tro honom inte n\u00e4r han lovar att sluta med misshandeln<\/strong><br \/>\nTro inte p\u00e5 honom n\u00e4r han s\u00e4ger att han ska sluta sl\u00e5. Ha alltid en retr\u00e4ttv\u00e4g s\u00e5 att du kan ge dig av om han misshandlar dig igen. Ta reda p\u00e5 vart du kan v\u00e4nda dig n\u00e4r som helst p\u00e5 dygnet, t ex socialjouren om du har barn, polisen, sjukhusets r\u00e5dgivning eller n\u00e5gon annan du k\u00e4nner. Kanske du har n\u00e5gon som kan ge dig en extranyckel utifall n\u00e5got h\u00e4nder.<\/p>\n<h2><strong>Ring kvinnojouren i Stenungsund 0723-74 80 60<\/strong><\/h2>\n<p>Du m\u00f6ter enbart kvinnlig personal som kan ge dig r\u00e5d.<\/p>\n<p><strong>Det kostar inget att prata med oss<\/strong><br \/>\nDu f\u00e5r vara anonym, vi \u00e4r ingen myndighet och f\u00f6r inga journaler. Du beh\u00f6ver inte ha synliga skador f\u00f6r att kontakta oss.<\/p>\n<p><strong>G\u00f6r en polisanm\u00e4lan<\/strong><br \/>\nGenom att g\u00f6ra en polisanm\u00e4lan markerar du att du inte accepterar hans beteende. Om du inte anm\u00e4ler skyddar du g\u00e4rningsmannen och inte dig sj\u00e4lv.<\/p>\n","protected":false},"excerpt":{"rendered":"<p>R\u00e5d till dig som blir illa behandlad fysiskt eller psykiskt Att fundera \u00f6ver: &#8211; Vill han ha dig helt f\u00f6r sig sj\u00e4lv &#8211; \u00c4r han svartsjuk &#8211; Talar han illa om dina v\u00e4nner &#8211; Kr\u00e4ver han att f\u00e5 veta vart du ska och n\u00e4r du kommer hem &#8211; F\u00e5r han dig att v\u00e4lja dina ord &hellip; <a href=\"https:\/\/kvinnojouren-stenungsund.se\/?page_id=10\" class=\"more-link\">Forts\u00e4tt l\u00e4sa<span class=\"screen-reader-text\"> \u201dR\u00e5d &#038; Hj\u00e4lp\u201d<\/span><\/a><\/p>\n","protected":false},"author":1,"featured_media":0,"parent":0,"menu_order":10,"comment_status":"closed","ping_status":"closed","template":"","meta":{"footnotes":""},"class_list":["post-10","page","type-page","status-publish","hentry"],"_links":{"self":[{"href":"https:\/\/kvinnojouren-stenungsund.se\/index.php?rest_route=\/wp\/v2\/pages\/10","targetHints":{"allow":["GET"]}}],"collection":[{"href":"https:\/\/kvinnojouren-stenungsund.se\/index.php?rest_route=\/wp\/v2\/pages"}],"about":[{"href":"https:\/\/kvinnojouren-stenungsund.se\/index.php?rest_route=\/wp\/v2\/types\/page"}],"author":[{"embeddable":true,"href":"https:\/\/kvinnojouren-stenungsund.se\/index.php?rest_route=\/wp\/v2\/users\/1"}],"replies":[{"embeddable":true,"href":"https:\/\/kvinnojouren-stenungsund.se\/index.php?rest_route=%2Fwp%2Fv2%2Fcomments&post=10"}],"version-history":[{"count":14,"href":"https:\/\/kvinnojouren-stenungsund.se\/index.php?rest_route=\/wp\/v2\/pages\/10\/revisions"}],"predecessor-version":[{"id":130,"href":"https:\/\/kvinnojouren-stenungsund.se\/index.php?rest_route=\/wp\/v2\/pages\/10\/revisions\/130"}],"wp:attachment":[{"href":"https:\/\/kvinnojouren-stenungsund.se\/index.php?rest_route=%2Fwp%2Fv2%2Fmedia&parent=10"}],"curies":[{"name":"wp","href":"https:\/\/api.w.org\/{rel}","templated":true}]}}